{"id":72,"date":"2011-03-04T21:03:06","date_gmt":"2011-03-04T20:03:06","guid":{"rendered":"http:\/\/www.ambarzmusic.com\/?page_id=72"},"modified":"2013-03-06T22:21:02","modified_gmt":"2013-03-06T21:21:02","slug":"grupos","status":"publish","type":"page","link":"https:\/\/www.ambarzmusic.com\/2014\/","title":{"rendered":"Grupos"},"content":{"rendered":"<div id=\"mini-profiles\">\r\n\t<h1 class=\"user-name\">9 L\u00e1grimas<\/h1>\r\n\t<div class=\"short-profile\">\r\n\t\t\t\t<div class=\"image\"><a href=\"https:\/\/www.ambarzmusic.com\/2014\/concurso-ambar-z-music\/grupos\/user\/9+Lagrimas\"><img src='https:\/\/www.ambarzmusic.com\/2014\/wp-content\/uploads\/alkivia\/users\/9_lagrimas1_avatar.jpg' class='avatar avatar-150 photo' alt='avatar' height='150' width='150' \/><\/a><\/div>\r\n\t<p>Grupos 2014        <br \/>Mi sitio:\t    <a href=\"http:\/\/www.9lagrimas.com\" target=\"_blank\" rel=\"noopener\">www.9lagrimas.com<\/a><\/p>\r\n\t<p class=\"title\">Sobre el grupo<\/p>\n<p>9 L\u00e1grimas nace en septiembre de 2007 como una propuesta muy interesante en el \u00e1mbito nacional e internacional. Su m\u00fasica abarca un gran recorrido de tendencias musicales en la que cada uno de los componentes da su toque personal para orquestar un sonido rock-metal tan caracter\u00edstico como sugerente.<br \/>\nDesde sus comienzos, han editado una maqueta compuesta por 4 temas autoproducidos y una edici\u00f3n en vivo de uno de sus conciertos.<\/p>\n<p>En 2010 editan su primer disco de estudio, \u201cEterna\u201d, acogiendo una muy buena aceptaci\u00f3n entre el p\u00fablico y cr\u00edtica.<\/p>\n<p>Estilo: rock metal<br \/>\nCanci\u00f3n: Crepusculo<\/p>\n<p><a href=\"http:\/\/www.ambarzmusic.com\/2014\/wp-content\/plugins\/mp3-player-plugin-for-wordpress\/archivogrupos2014\/9 lagrimas -  crepusculo.mp3\">9 l\u00e1grimas -Crep\u00fasculo.mp3<\/a><\/p>\n\t<\/div>\r\n\t<h1 class=\"user-name\">Alien Roots<\/h1>\r\n\t<div class=\"short-profile\">\r\n\t\t\t\t<div class=\"image\"><a href=\"https:\/\/www.ambarzmusic.com\/2014\/concurso-ambar-z-music\/grupos\/user\/Alien+Roots\"><img src='https:\/\/www.ambarzmusic.com\/2014\/wp-content\/uploads\/alkivia\/users\/alien_roots1_avatar.jpg' class='avatar avatar-150 photo' alt='avatar' height='150' width='150' \/><\/a><\/div>\r\n\t<p>Grupos 2014        <br \/>Mi sitio:\t    <a href=\"http:\/\/www.facebook.com\/alienroots\" target=\"_blank\" rel=\"noopener\">www.facebook.com\/alienroots<\/a><\/p>\r\n\t<p class=\"title\">Sobre el grupo<\/p>\n<p>Alien Roots es una banda de rock que nace en el a\u00f1o 2010 formada por cuatro amigos con comunes gustos e inquietudes musicales. Empiezan a componer canciones con un sonido propio influenciado en mayor medida por el rock estadounidense de los 80 y 90, desde la parte m\u00e1s mel\u00f3dica con grupos como Foo Fighters, Blink 182, 30 Seconds to Mars,hasta influencias m\u00e1s actuales como Bring me the Horizon o Enter Shikari.<\/p>\n<p>El 12\/12\/12 Juan Garc\u00eda (guitarrista y vocalista), Nacho Sanz (guitarrista y vocalista), Alejandro Crespo (bajo) y Daniel Roche (bater\u00eda), reciben su primera maqueta con dos temas: Zion y Travel Wisdom, mediante la cual consiguen trabajar con el productor californiano, Joe Marlett, con quien graban su primer LP (\u201c Ufology\u201d).<br \/>\nDe esta manera, el grupo ha cumplido el objetivo de conseguir un sonido personal y diferente. Con un potente y en\u00e9rgico directo y letras reivindicativas que no dejaran indiferente a nadie, el grupo intenta hacerse un hueco en el panorama musical nacional e internacional.<\/p>\n<p>Estilo: Rock<br \/>\nCanci\u00f3n: Horses<\/p>\n<p><a href=\"http:\/\/www.ambarzmusic.com\/2014\/wp-content\/plugins\/mp3-player-plugin-for-wordpress\/archivogrupos2014\/Alien Roots - Horses.mp3\">Alien Roots - Horses<\/a><\/p>\n\t<\/div>\r\n\t<h1 class=\"user-name\">Amorica<\/h1>\r\n\t<div class=\"short-profile\">\r\n\t\t\t\t<div class=\"image\"><a href=\"https:\/\/www.ambarzmusic.com\/2014\/concurso-ambar-z-music\/grupos\/user\/Amorica\"><img src='https:\/\/www.ambarzmusic.com\/2014\/wp-content\/uploads\/alkivia\/users\/amorica3_avatar.jpg' class='avatar avatar-150 photo' alt='avatar' height='150' width='150' \/><\/a><\/div>\r\n\t<p>Grupos 2014        <br \/>Mi sitio:\t    <a href=\"http:\/\/amorica.bandcamp.com\/\" target=\"_blank\" rel=\"noopener\">amorica.bandcamp.com\/<\/a><\/p>\r\n\t<p class=\"title\">Sobre el grupo<\/p>\n<p>Amorica es una banda oscense de rock en castellano con influencias anglosajonas, primando la sensualidad del glam rock y la energ\u00eda mel\u00f3dica del power pop. Entre sus principales influencias se encuentran T-Rex, David Bowie, The Beatles, Big Star, Cheap Trick o leyendas del indie\/alt rock como Redd Kross o The Replacements.<\/p>\n<p>En diciembre de 2012 publican su primer disco Nuevas Tentaciones, grabado en los estudios Kikos de Zaragoza junto a Richi Martinez (Bogusband, Puravida). En 2013 no paran de girar por todo el territorio aragon\u00e9s, participan en las Demosc\u00f3picas de Mondosonoro, reciben una nominaci\u00f3n a los premios de la m\u00fasica aragonesa, consiguen el segundo puesto en el concurso nacional Interpe\u00f1as Pop\/Rock de Zaragoza y salen en diversos medios como la revista Efe Eme, Rockdelux o Paisajes El\u00e9ctricos<\/p>\n<p>Estilo: Rock \/ Power Pop<br \/>\nCanci\u00f3n: Tu Dorian Gray<\/p>\n<p><a href=\"http:\/\/www.ambarzmusic.com\/2014\/wp-content\/plugins\/mp3-player-plugin-for-wordpress\/archivogrupos2014\/Amorica - Tu Dorian Gray.mp3\">Amorica - Tu Dorian Gray<\/a><\/p>\n\t<\/div>\r\n\t<h1 class=\"user-name\">Ariday<\/h1>\r\n\t<div class=\"short-profile\">\r\n\t\t\t\t<div class=\"image\"><a href=\"https:\/\/www.ambarzmusic.com\/2014\/concurso-ambar-z-music\/grupos\/user\/Ariday\"><img src='https:\/\/www.ambarzmusic.com\/2014\/wp-content\/uploads\/alkivia\/users\/ariday1_avatar.jpg' class='avatar avatar-150 photo' alt='avatar' height='150' width='150' \/><\/a><\/div>\r\n\t<p>Grupos 2014        <br \/>Mi sitio:\t    <a href=\"http:\/\/ariday.es\" target=\"_blank\" rel=\"noopener\">ariday.es<\/a><\/p>\r\n\t<p class=\"title\">Sobre el grupo<\/p>\n<p>Banda formada en 2007, donde se han grabado 3 discos con sus correspondientes giras espa\u00f1olas, m\u00e1s una exitosa gira mexicana. En estos momentos, preparando nuevo material para intentar volver dar el salto a Am\u00e9rica y contin\u00faar con los conciertos por territorio espa\u00f1ol.<\/p>\n<p>Estilo: Metal<br \/>\nCanci\u00f3n: Hurac\u00e1n<\/p>\n<p><a href=\"http:\/\/www.ambarzmusic.com\/2014\/wp-content\/plugins\/mp3-player-plugin-for-wordpress\/archivogrupos2014\/Ariday-Huracan.mp3\">Ariday-Hurac\u00e1n<\/a><\/p>\n\t<\/div>\r\n\t<h1 class=\"user-name\">Baron Samedi<\/h1>\r\n\t<div class=\"short-profile\">\r\n\t\t\t\t<div class=\"image\"><a href=\"https:\/\/www.ambarzmusic.com\/2014\/concurso-ambar-z-music\/grupos\/user\/Baron+Samedi\"><img src='https:\/\/www.ambarzmusic.com\/2014\/wp-content\/uploads\/alkivia\/users\/baron_samedi1_avatar.jpg' class='avatar avatar-150 photo' alt='avatar' height='150' width='150' \/><\/a><\/div>\r\n\t<p>Grupos 2014        <br \/>Mi sitio:\t    <a href=\"http:\/\/baron-samedi.bandcamp.com\/\" target=\"_blank\" rel=\"noopener\">baron-samedi.bandcamp.com\/<\/a><\/p>\r\n\t<p class=\"title\">Sobre el grupo<\/p>\n<p>Somos Baron samedi, una nueva banda de garage de Zaragoza. Nuestras influencias son el Rock\u00b4n\u00b4roll, surf, el punk o la sicodelia consiguiendo un particular sonido entre cl\u00e1sico y actual. Tenemos un Ep de edici\u00f3n limitada publicado en gloriosa y anal\u00f3gica cinta de casete por el sello polze de la mort, que est\u00e1 teniendo una muy buena acogida tanto por los fans como por la prensa y acabamos de grabar y estaos mezclando lo que ser\u00e1 nuestro primer disco de estudio que se llamara \u201cDolars eye\u201d, un trabajo donde sin dejar de lado el garage m\u00e1s primitivo, damos un paseo por la parte mas \u201cpsych\u201d o acida del rock\u00b4n\u00b4roll. El tema que adjunto es el tema que dar\u00e1 nombre al disco, esta sin masterizar todavia ya que todavia no hemos acabado de mezclar.<\/p>\n<p>Estilo: Garage, rock, psicodelia<br \/>\nCanci\u00f3n: Javier Lacambra Lapiedra<\/p>\n<p><a href=\"http:\/\/www.ambarzmusic.com\/2014\/wp-content\/plugins\/mp3-player-plugin-for-wordpress\/archivogrupos2014\/Baron Samedi - dollars eye.mp3\">Baron Samedi - Dollars eye<\/a><\/p>\n\t<\/div>\r\n\t<h1 class=\"user-name\">Beiloune Ten<\/h1>\r\n\t<div class=\"short-profile\">\r\n\t\t\t\t<div class=\"image\"><a href=\"https:\/\/www.ambarzmusic.com\/2014\/concurso-ambar-z-music\/grupos\/user\/Beiloune+Ten\"><img src='https:\/\/www.ambarzmusic.com\/2014\/wp-content\/uploads\/alkivia\/users\/beiloune_ten1_avatar.jpg' class='avatar avatar-150 photo' alt='avatar' height='150' width='150' \/><\/a><\/div>\r\n\t<p>Grupos 2014<\/p><p class=\"title\">Sobre el grupo<\/p>\n<p>Somos 2 aficionados a la m\u00fasica, que cantamos en familia. Y desde hace 3 a\u00f1os, compongo canciones en \u00e1rabe y por los sentimientos hac\u00eda la ciudad de Zaragoza he escrito esta letra y he compuesto para que salgan realidad estos sentimientos. La grabaci\u00f3n la he hecho a trav\u00e9s de un programa digital CUBASE, en mi peque\u00f1o estudio en mi casa de Remolinos. Espero que sea escuchada por todos los aragoneses.<br \/>\nNota: Los errores de no poder enviar toda la canci\u00f3n, mandamos un\u00edcamente 3:00 de 4:30 que dura realmente.<\/p>\n<p>Estilo: Mezcla<br \/>\nCanci\u00f3n: Zaragoza mi canc\u00edon<\/p>\n<p><a href=\"http:\/\/www.ambarzmusic.com\/2014\/wp-content\/plugins\/mp3-player-plugin-for-wordpress\/archivogrupos2014\/Beiloune Ten - Zaragoza mi cancion.mp3\">Beiloune Ten - Zaragoza mi cancion<\/a><\/p>\n\t<\/div>\r\n\t<h1 class=\"user-name\">Bird 23rd<\/h1>\r\n\t<div class=\"short-profile\">\r\n\t\t\t\t<div class=\"image\"><a href=\"https:\/\/www.ambarzmusic.com\/2014\/concurso-ambar-z-music\/grupos\/user\/Bird+23rd\"><img src='https:\/\/www.ambarzmusic.com\/2014\/wp-content\/uploads\/alkivia\/users\/bird_23rd1_avatar.jpg' class='avatar avatar-150 photo' alt='avatar' height='150' width='150' \/><\/a><\/div>\r\n\t<p>Grupos 2014        <br \/>Mi sitio:\t    <a href=\"http:\/\/www.youtube.com\/channel\/UCZyfoVDd1JYQQ3xiASkAiBw\" target=\"_blank\" rel=\"noopener\">www.youtube.com\/channel\/UCZyfoVDd1JYQQ3xiASkAiBw<\/a><\/p>\r\n\t<p class=\"title\">Sobre el grupo<\/p>\n<p>Bird 23rd somos un grupo de chavales de 17 y 18 a\u00f1os (Adriana: Voz, Jorge: Guitarra, Jason: Bajo y Saba: Bater\u00eda), que comenzamos hace un par de a\u00f1os sin saber qu\u00e9 pasar\u00eda. Actualmente, tras unos cuantos conciertos y a\u00fan encontrando nuestro estilo, hemos conseguido grabar algunos temas, siendo \u00e9ste el primero que grabamos exclusivamente con nuestros propios medios<\/p>\n<p>Estilo: Rock<br \/>\nCanci\u00f3n: Like a Child<\/p>\n<p><a href=\"http:\/\/www.ambarzmusic.com\/2014\/wp-content\/plugins\/mp3-player-plugin-for-wordpress\/archivogrupos2014\/Bird 23rd - Like a child.mp3\">Bird 23rd - Like a child<\/a><\/p>\n\t<\/div>\r\n\t<h1 class=\"user-name\">Capit\u00e1n<\/h1>\r\n\t<div class=\"short-profile\">\r\n\t\t\t\t<div class=\"image\"><a href=\"https:\/\/www.ambarzmusic.com\/2014\/concurso-ambar-z-music\/grupos\/user\/Capitan\"><img src='https:\/\/www.ambarzmusic.com\/2014\/wp-content\/uploads\/alkivia\/users\/capitan3_avatar.jpg' class='avatar avatar-150 photo' alt='avatar' height='150' width='150' \/><\/a><\/div>\r\n\t<p>Grupos 2014        <br \/>Mi sitio:\t    <a href=\"http:\/\/www.facebook.com\/capitanzaz\" target=\"_blank\" rel=\"noopener\">www.facebook.com\/capitanzaz<\/a><\/p>\r\n\t<p class=\"title\">Sobre el grupo<\/p>\n<p>Capit\u00e1n es una banda de pop de Zaragoza que mezcla el pop guitarrero con sonidos brit\u00e1nicos. Actualmente estan trabajando en su versi\u00f3n 2.0 con temas donde coquetean con la electr\u00f3nica.<\/p>\n<p>Estilo: Pop<br \/>\nCanci\u00f3n: Polvo de Estrellas<\/p>\n<p><a href=\"http:\/\/www.ambarzmusic.com\/2014\/wp-content\/plugins\/mp3-player-plugin-for-wordpress\/archivogrupos2014\/Capit\u00e1n - Polvo De Estrellas.mp3\">Capit\u00e1n - Polvo De Estrellas<\/a><\/p>\n\t<\/div>\r\n\t<h1 class=\"user-name\">Carlos Sobreviela<\/h1>\r\n\t<div class=\"short-profile\">\r\n\t\t\t\t<div class=\"image\"><a href=\"https:\/\/www.ambarzmusic.com\/2014\/concurso-ambar-z-music\/grupos\/user\/Carlos+Sobreviela\"><img src='https:\/\/www.ambarzmusic.com\/2014\/wp-content\/uploads\/alkivia\/users\/carlos_sobreviela1_avatar.jpg' class='avatar avatar-150 photo' alt='avatar' height='150' width='150' \/><\/a><\/div>\r\n\t<p>Grupos 2014        <br \/>Mi sitio:\t    <a href=\"http:\/\/www.carlossobreviela.com\" target=\"_blank\" rel=\"noopener\">www.carlossobreviela.com<\/a><\/p>\r\n\t<p class=\"title\">Sobre el grupo<\/p>\n<p>Despu\u00e9s de un largo silencio musical,Carlos Sobreviela, vuelve con \"Momentos de mi vida\" su primer disco en solitario. Un trabajo cargado de sentimientos y de buenas canciones muy mimadas en el estudio. Acompa\u00f1ado por unos m\u00fasicos de lujo, sus directos, sus directos, no dejan indiferente a nadie.<\/p>\n<p>Estilo: Pop-Rock<br \/>\nCanci\u00f3n: Melod\u00edas<\/p>\n<p><a href=\"http:\/\/www.ambarzmusic.com\/2014\/wp-content\/plugins\/mp3-player-plugin-for-wordpress\/archivogrupos2014\/Carlos Sobreviela - Melod\u00edas.mp3\">Carlos Sobreviela - Melod\u00edas<\/a><\/p>\n\t<\/div>\r\n\t<h1 class=\"user-name\">Catmouth<\/h1>\r\n\t<div class=\"short-profile\">\r\n\t\t\t\t<div class=\"image\"><a href=\"https:\/\/www.ambarzmusic.com\/2014\/concurso-ambar-z-music\/grupos\/user\/Catmouth\"><img src='https:\/\/www.ambarzmusic.com\/2014\/wp-content\/uploads\/alkivia\/users\/catmouth1_avatar.jpg' class='avatar avatar-150 photo' alt='avatar' height='150' width='150' \/><\/a><\/div>\r\n\t<p>Grupos 2014        <br \/>Mi sitio:\t    <a href=\"http:\/\/www.twitter.com\/CatmouthBand\" target=\"_blank\" rel=\"noopener\">www.twitter.com\/CatmouthBand<\/a><\/p>\r\n\t<p class=\"title\">Sobre el grupo<\/p>\n<p>Somos un grupo Zaragozano formado en 2012, compuesto por Pablo Sprake (voz), Eduardo Arnillas (bajo), Carlota Melguizo (bater\u00eda), Javier Blasco (guitarra), Marcos Pe\u00f1a (guitarra). El a\u00f1o pasado publicamos nuestro primer EP de 5 canciones que pueden escucharse en soundcloud y youtube.<\/p>\n<p>Estilo: Rock<br \/>\nCanci\u00f3n: Only My Body<\/p>\n<p><a href=\"http:\/\/www.ambarzmusic.com\/2014\/wp-content\/plugins\/mp3-player-plugin-for-wordpress\/archivogrupos2014\/Catmouth - Only my body.mp3\">Catmouth - Only my body<\/a><\/p>\n\t<\/div>\r\n<\/div>\r\n<div class='pager'>\n<span class=\"page-numbers current\">1<\/span>\n<a class=\"page-numbers\" href=\"https:\/\/www.ambarzmusic.com\/2014\/concurso-ambar-z-music\/grupos\/page\/2\">2<\/a>\n<a class=\"page-numbers\" href=\"https:\/\/www.ambarzmusic.com\/2014\/concurso-ambar-z-music\/grupos\/page\/3\">3<\/a>\n<a class=\"page-numbers\" href=\"https:\/\/www.ambarzmusic.com\/2014\/concurso-ambar-z-music\/grupos\/page\/4\">4<\/a>\n<a class=\"page-numbers\" href=\"https:\/\/www.ambarzmusic.com\/2014\/concurso-ambar-z-music\/grupos\/page\/5\">5<\/a>\n<a class=\"page-numbers\" href=\"https:\/\/www.ambarzmusic.com\/2014\/concurso-ambar-z-music\/grupos\/page\/6\">6<\/a>\n<a class=\"page-numbers\" href=\"https:\/\/www.ambarzmusic.com\/2014\/concurso-ambar-z-music\/grupos\/page\/7\">7<\/a>\n<a class=\"page-numbers\" href=\"https:\/\/www.ambarzmusic.com\/2014\/concurso-ambar-z-music\/grupos\/page\/8\">8<\/a>\n<a class=\"page-numbers\" href=\"https:\/\/www.ambarzmusic.com\/2014\/concurso-ambar-z-music\/grupos\/page\/9\">9<\/a>\n<a class=\"next page-numbers\" href=\"https:\/\/www.ambarzmusic.com\/2014\/concurso-ambar-z-music\/grupos\/page\/2\">&raquo;&raquo;<\/a>\n<\/div>\n","protected":false},"excerpt":{"rendered":"<p>9 L\u00e1grimas Grupos 2014 Mi sitio: www.9lagrimas.com Sobre el grupo 9 L\u00e1grimas nace en septiembre de 2007 como una propuesta muy interesante en el \u00e1mbito nacional e internacional. Su m\u00fasica abarca un gran recorrido de tendencias musicales en la que cada uno de los componentes da su toque personal para orquestar un sonido rock-metal tan caracter\u00edstico como sugerente. Desde sus comienzos, han editado una maqueta compuesta por 4 temas autoproducidos y una edici\u00f3n en vivo de uno de sus conciertos. En 2010 editan su primer disco de estudio, \u201cEterna\u201d, acogiendo una muy buena aceptaci\u00f3n entre el p\u00fablico y cr\u00edtica. Estilo: [&hellip;]<\/p>\n","protected":false},"author":1,"featured_media":0,"parent":55,"menu_order":0,"comment_status":"closed","ping_status":"open","template":"","meta":{"footnotes":"","_links_to":"","_links_to_target":""},"tags":[],"class_list":["post-72","page","type-page","status-publish","hentry"],"_links":{"self":[{"href":"https:\/\/www.ambarzmusic.com\/2014\/wp-json\/wp\/v2\/pages\/72"}],"collection":[{"href":"https:\/\/www.ambarzmusic.com\/2014\/wp-json\/wp\/v2\/pages"}],"about":[{"href":"https:\/\/www.ambarzmusic.com\/2014\/wp-json\/wp\/v2\/types\/page"}],"author":[{"embeddable":true,"href":"https:\/\/www.ambarzmusic.com\/2014\/wp-json\/wp\/v2\/users\/1"}],"replies":[{"embeddable":true,"href":"https:\/\/www.ambarzmusic.com\/2014\/wp-json\/wp\/v2\/comments?post=72"}],"version-history":[{"count":26,"href":"https:\/\/www.ambarzmusic.com\/2014\/wp-json\/wp\/v2\/pages\/72\/revisions"}],"predecessor-version":[{"id":747,"href":"https:\/\/www.ambarzmusic.com\/2014\/wp-json\/wp\/v2\/pages\/72\/revisions\/747"}],"up":[{"embeddable":true,"href":"https:\/\/www.ambarzmusic.com\/2014\/wp-json\/wp\/v2\/pages\/55"}],"wp:attachment":[{"href":"https:\/\/www.ambarzmusic.com\/2014\/wp-json\/wp\/v2\/media?parent=72"}],"wp:term":[{"taxonomy":"post_tag","embeddable":true,"href":"https:\/\/www.ambarzmusic.com\/2014\/wp-json\/wp\/v2\/tags?post=72"}],"curies":[{"name":"wp","href":"https:\/\/api.w.org\/{rel}","templated":true}]}}